{"id":39247,"date":"2019-09-16T11:03:50","date_gmt":"2019-09-16T09:03:50","guid":{"rendered":"http:\/\/209.38.212.229\/notizen\/"},"modified":"2023-05-29T14:47:43","modified_gmt":"2023-05-29T12:47:43","slug":"notizen","status":"publish","type":"page","link":"https:\/\/blog.snowit.ski\/de\/notizen\/","title":{"rendered":"Notizen"},"content":{"rendered":"\n<p><strong>Sportit Srl<\/strong>, mit Sitz in der Viale Abruzzi 41, Mailand, und der MwSt.-Nr. 09545330962, gibt bekannt, dass die Plattform &#8222;<strong>Snowit the winter experience<\/strong>&#8222;<\/p>\n\n<p>wurde auch dank der Gew\u00e4hrung des Zuschusses gem\u00e4\u00df dem Dekret vom 24. September 2014 realisiert <strong>\u201cSMART&amp;START ITALIA\u201d<\/strong> in H\u00f6he von 234.616,20 \u20ac, davon 90.300,00 \u20ac in H\u00f6he von 70 % der f\u00f6rderf\u00e4higen Kosten f\u00fcr die Durchf\u00fchrung der Investitionsprogramme und 144.316,20 \u20ac in H\u00f6he von 70 % der f\u00f6rderf\u00e4higen Betriebskosten + 7.500 \u20ac an Beitr\u00e4gen <em>\u201cde minimis\u201d<\/em> f\u00fcr Mentoring-Aktivit\u00e4ten.<\/p>\n\n<p>Dank der erhaltenen Finanzierung konnte Sportit Srl seinen Wachstumskurs fortsetzen und vor allem realisieren:<\/p>\n\n<ul class=\"wp-block-list\"><li><strong>Design<\/strong> und <strong>Implementierung<\/strong> des <strong>Front-Ends<\/strong> des webbasierten <strong>Marktplatzes<\/strong> f\u00fcr den Kauf von Skip\u00e4ssen, Verleih- und Erlebnisdienstleistungen;<\/li><li>Die <strong>Entwicklung<\/strong> eines <strong>Back-End<\/strong>-Systems f\u00fcr die <strong>Vertriebs<\/strong><strong>steuerung<\/strong>;<\/li><li>Die <strong>Entwicklung<\/strong> der <strong>Engagement<\/strong>&#8211;<strong>Plattform<\/strong> (Front-End + Back-End) der App.<\/li><\/ul>\n\n<div style=\"height:20px\" aria-hidden=\"true\" class=\"wp-block-spacer\"><\/div>\n\n<p>Das Projekt Snowit ist also abgeschlossen, was den Investitionsteil betrifft, aber es ist noch in Betrieb, was die Kosten betrifft, die notwendig sind, um die langfristigen Wachstumsziele zu erreichen, die Sportit Srl anstrebt, d.h. sich als f\u00fchrender Marktplatz f\u00fcr Dienstleistungen rund um den Berg zu etablieren.<\/p>\n","protected":false},"excerpt":{"rendered":"<p>Sportit Srl, mit Sitz in der Viale Abruzzi 41, Mailand, und der MwSt.-Nr. 09545330962, gibt bekannt, dass die Plattform &#8222;Snowit the winter experience&#8222; wurde auch dank der Gew\u00e4hrung des Zuschusses gem\u00e4\u00df dem Dekret vom 24. September 2014 realisiert \u201cSMART&amp;START ITALIA\u201d in H\u00f6he von 234.616,20 \u20ac, davon 90.300,00 \u20ac in H\u00f6he von 70 % der f\u00f6rderf\u00e4higen [&hellip;]<\/p>\n","protected":false},"author":35,"featured_media":0,"parent":0,"menu_order":0,"comment_status":"closed","ping_status":"closed","template":"","meta":{"_mo_disable_npp":"","footnotes":""},"class_list":["post-39247","page","type-page","status-publish","hentry"],"yoast_head":"<!-- This site is optimized with the Yoast SEO plugin v26.9 - https:\/\/yoast.com\/product\/yoast-seo-wordpress\/ -->\n<title>Notizen &#8226; Snowit<\/title>\n<meta name=\"description\" content=\"Dank der erhaltenen Finanzierung konnte Sportit Srl seinen eigenen Wachstumskurs verfolgen und insbesondere das Design und die Implementierung des Front-Ends des Marktplatzes, die Entwicklung eines Back-End-Systems f\u00fcr die Verkaufsverwaltung und die Weiterentwicklung der App-Engagement-Plattform realisieren.\" \/>\n<meta name=\"robots\" content=\"index, follow, max-snippet:-1, max-image-preview:large, max-video-preview:-1\" \/>\n<link rel=\"canonical\" href=\"https:\/\/blog.snowit.ski\/de\/notizen\/\" \/>\n<meta property=\"og:locale\" content=\"de_DE\" \/>\n<meta property=\"og:type\" content=\"article\" \/>\n<meta property=\"og:title\" content=\"Notizen &#8226; Snowit\" \/>\n<meta property=\"og:description\" content=\"Dank der erhaltenen Finanzierung konnte Sportit Srl seinen eigenen Wachstumskurs verfolgen und insbesondere das Design und die Implementierung des Front-Ends des Marktplatzes, die Entwicklung eines Back-End-Systems f\u00fcr die Verkaufsverwaltung und die Weiterentwicklung der App-Engagement-Plattform realisieren.\" \/>\n<meta property=\"og:url\" content=\"https:\/\/blog.snowit.ski\/de\/notizen\/\" \/>\n<meta property=\"og:site_name\" content=\"Snowit\" \/>\n<meta property=\"article:publisher\" content=\"https:\/\/www.facebook.com\/snowitapp\" \/>\n<meta property=\"article:modified_time\" content=\"2023-05-29T12:47:43+00:00\" \/>\n<meta property=\"og:image\" content=\"https:\/\/dev-snowit.ams3.digitaloceanspaces.com\/uploads\/2023\/07\/12132549\/1.jpg\" \/>\n\t<meta property=\"og:image:width\" content=\"1200\" \/>\n\t<meta property=\"og:image:height\" content=\"675\" \/>\n\t<meta property=\"og:image:type\" content=\"image\/jpeg\" \/>\n<meta name=\"twitter:card\" content=\"summary_large_image\" \/>\n<meta name=\"twitter:label1\" content=\"Gesch\u00e4tzte Lesezeit\" \/>\n\t<meta name=\"twitter:data1\" content=\"1\u00a0Minute\" \/>\n<script type=\"application\/ld+json\" class=\"yoast-schema-graph\">{\"@context\":\"https:\/\/schema.org\",\"@graph\":[{\"@type\":\"WebPage\",\"@id\":\"https:\/\/blog.snowit.ski\/de\/notizen\/\",\"url\":\"https:\/\/blog.snowit.ski\/de\/notizen\/\",\"name\":\"Notizen &#8226; Snowit\",\"isPartOf\":{\"@id\":\"https:\/\/blog.snowit.ski\/de\/#website\"},\"datePublished\":\"2019-09-16T09:03:50+00:00\",\"dateModified\":\"2023-05-29T12:47:43+00:00\",\"description\":\"Dank der erhaltenen Finanzierung konnte Sportit Srl seinen eigenen Wachstumskurs verfolgen und insbesondere das Design und die Implementierung des Front-Ends des Marktplatzes, die Entwicklung eines Back-End-Systems f\u00fcr die Verkaufsverwaltung und die Weiterentwicklung der App-Engagement-Plattform realisieren.\",\"breadcrumb\":{\"@id\":\"https:\/\/blog.snowit.ski\/de\/notizen\/#breadcrumb\"},\"inLanguage\":\"de\",\"potentialAction\":[{\"@type\":\"ReadAction\",\"target\":[\"https:\/\/blog.snowit.ski\/de\/notizen\/\"]}]},{\"@type\":\"BreadcrumbList\",\"@id\":\"https:\/\/blog.snowit.ski\/de\/notizen\/#breadcrumb\",\"itemListElement\":[{\"@type\":\"ListItem\",\"position\":1,\"name\":\"Home\",\"item\":\"https:\/\/blog.snowit.ski\/de\/home-page\/\"},{\"@type\":\"ListItem\",\"position\":2,\"name\":\"Notizen\"}]},{\"@type\":\"WebSite\",\"@id\":\"https:\/\/blog.snowit.ski\/de\/#website\",\"url\":\"https:\/\/blog.snowit.ski\/de\/\",\"name\":\"Snowit\",\"description\":\"The Winter Experience\",\"publisher\":{\"@id\":\"https:\/\/blog.snowit.ski\/de\/#organization\"},\"potentialAction\":[{\"@type\":\"SearchAction\",\"target\":{\"@type\":\"EntryPoint\",\"urlTemplate\":\"https:\/\/blog.snowit.ski\/de\/?s={search_term_string}\"},\"query-input\":{\"@type\":\"PropertyValueSpecification\",\"valueRequired\":true,\"valueName\":\"search_term_string\"}}],\"inLanguage\":\"de\"},{\"@type\":\"Organization\",\"@id\":\"https:\/\/blog.snowit.ski\/de\/#organization\",\"name\":\"Snowit\",\"url\":\"https:\/\/blog.snowit.ski\/de\/\",\"logo\":{\"@type\":\"ImageObject\",\"inLanguage\":\"de\",\"@id\":\"https:\/\/blog.snowit.ski\/de\/#\/schema\/logo\/image\/\",\"url\":\"https:\/\/dev-snowit.ams3.digitaloceanspaces.com\/uploads\/2022\/09\/logo_x2F_snowit.svg\",\"contentUrl\":\"https:\/\/dev-snowit.ams3.digitaloceanspaces.com\/uploads\/2022\/09\/logo_x2F_snowit.svg\",\"width\":247,\"height\":64,\"caption\":\"Snowit\"},\"image\":{\"@id\":\"https:\/\/blog.snowit.ski\/de\/#\/schema\/logo\/image\/\"},\"sameAs\":[\"https:\/\/www.facebook.com\/snowitapp\",\"https:\/\/www.instagram.com\/snowitapp\/\"]}]}<\/script>\n<!-- \/ Yoast SEO plugin. -->","yoast_head_json":{"title":"Notizen &#8226; Snowit","description":"Dank der erhaltenen Finanzierung konnte Sportit Srl seinen eigenen Wachstumskurs verfolgen und insbesondere das Design und die Implementierung des Front-Ends des Marktplatzes, die Entwicklung eines Back-End-Systems f\u00fcr die Verkaufsverwaltung und die Weiterentwicklung der App-Engagement-Plattform realisieren.","robots":{"index":"index","follow":"follow","max-snippet":"max-snippet:-1","max-image-preview":"max-image-preview:large","max-video-preview":"max-video-preview:-1"},"canonical":"https:\/\/blog.snowit.ski\/de\/notizen\/","og_locale":"de_DE","og_type":"article","og_title":"Notizen &#8226; Snowit","og_description":"Dank der erhaltenen Finanzierung konnte Sportit Srl seinen eigenen Wachstumskurs verfolgen und insbesondere das Design und die Implementierung des Front-Ends des Marktplatzes, die Entwicklung eines Back-End-Systems f\u00fcr die Verkaufsverwaltung und die Weiterentwicklung der App-Engagement-Plattform realisieren.","og_url":"https:\/\/blog.snowit.ski\/de\/notizen\/","og_site_name":"Snowit","article_publisher":"https:\/\/www.facebook.com\/snowitapp","article_modified_time":"2023-05-29T12:47:43+00:00","og_image":[{"width":1200,"height":675,"url":"https:\/\/dev-snowit.ams3.digitaloceanspaces.com\/uploads\/2023\/07\/12132549\/1.jpg","type":"image\/jpeg"}],"twitter_card":"summary_large_image","twitter_misc":{"Gesch\u00e4tzte Lesezeit":"1\u00a0Minute"},"schema":{"@context":"https:\/\/schema.org","@graph":[{"@type":"WebPage","@id":"https:\/\/blog.snowit.ski\/de\/notizen\/","url":"https:\/\/blog.snowit.ski\/de\/notizen\/","name":"Notizen &#8226; Snowit","isPartOf":{"@id":"https:\/\/blog.snowit.ski\/de\/#website"},"datePublished":"2019-09-16T09:03:50+00:00","dateModified":"2023-05-29T12:47:43+00:00","description":"Dank der erhaltenen Finanzierung konnte Sportit Srl seinen eigenen Wachstumskurs verfolgen und insbesondere das Design und die Implementierung des Front-Ends des Marktplatzes, die Entwicklung eines Back-End-Systems f\u00fcr die Verkaufsverwaltung und die Weiterentwicklung der App-Engagement-Plattform realisieren.","breadcrumb":{"@id":"https:\/\/blog.snowit.ski\/de\/notizen\/#breadcrumb"},"inLanguage":"de","potentialAction":[{"@type":"ReadAction","target":["https:\/\/blog.snowit.ski\/de\/notizen\/"]}]},{"@type":"BreadcrumbList","@id":"https:\/\/blog.snowit.ski\/de\/notizen\/#breadcrumb","itemListElement":[{"@type":"ListItem","position":1,"name":"Home","item":"https:\/\/blog.snowit.ski\/de\/home-page\/"},{"@type":"ListItem","position":2,"name":"Notizen"}]},{"@type":"WebSite","@id":"https:\/\/blog.snowit.ski\/de\/#website","url":"https:\/\/blog.snowit.ski\/de\/","name":"Snowit","description":"The Winter Experience","publisher":{"@id":"https:\/\/blog.snowit.ski\/de\/#organization"},"potentialAction":[{"@type":"SearchAction","target":{"@type":"EntryPoint","urlTemplate":"https:\/\/blog.snowit.ski\/de\/?s={search_term_string}"},"query-input":{"@type":"PropertyValueSpecification","valueRequired":true,"valueName":"search_term_string"}}],"inLanguage":"de"},{"@type":"Organization","@id":"https:\/\/blog.snowit.ski\/de\/#organization","name":"Snowit","url":"https:\/\/blog.snowit.ski\/de\/","logo":{"@type":"ImageObject","inLanguage":"de","@id":"https:\/\/blog.snowit.ski\/de\/#\/schema\/logo\/image\/","url":"https:\/\/dev-snowit.ams3.digitaloceanspaces.com\/uploads\/2022\/09\/logo_x2F_snowit.svg","contentUrl":"https:\/\/dev-snowit.ams3.digitaloceanspaces.com\/uploads\/2022\/09\/logo_x2F_snowit.svg","width":247,"height":64,"caption":"Snowit"},"image":{"@id":"https:\/\/blog.snowit.ski\/de\/#\/schema\/logo\/image\/"},"sameAs":["https:\/\/www.facebook.com\/snowitapp","https:\/\/www.instagram.com\/snowitapp\/"]}]}},"_links":{"self":[{"href":"https:\/\/blog.snowit.ski\/de\/wp-json\/wp\/v2\/pages\/39247","targetHints":{"allow":["GET"]}}],"collection":[{"href":"https:\/\/blog.snowit.ski\/de\/wp-json\/wp\/v2\/pages"}],"about":[{"href":"https:\/\/blog.snowit.ski\/de\/wp-json\/wp\/v2\/types\/page"}],"author":[{"embeddable":true,"href":"https:\/\/blog.snowit.ski\/de\/wp-json\/wp\/v2\/users\/35"}],"replies":[{"embeddable":true,"href":"https:\/\/blog.snowit.ski\/de\/wp-json\/wp\/v2\/comments?post=39247"}],"version-history":[{"count":0,"href":"https:\/\/blog.snowit.ski\/de\/wp-json\/wp\/v2\/pages\/39247\/revisions"}],"wp:attachment":[{"href":"https:\/\/blog.snowit.ski\/de\/wp-json\/wp\/v2\/media?parent=39247"}],"curies":[{"name":"wp","href":"https:\/\/api.w.org\/{rel}","templated":true}]}}